{"id":10,"date":"2025-10-09T22:34:34","date_gmt":"2025-10-09T22:34:34","guid":{"rendered":"https:\/\/usagistore.prestakira.fr\/?page_id=10"},"modified":"2025-10-09T23:25:05","modified_gmt":"2025-10-09T23:25:05","slug":"home","status":"publish","type":"page","link":"http:\/\/usagistore.prestakira.fr\/","title":{"rendered":""},"content":{"rendered":"\n<div class=\"wp-block-cover alignfull\" style=\"min-height:720px;aspect-ratio:unset;\"><span aria-hidden=\"true\" class=\"wp-block-cover__background has-background-dim-100 has-background-dim has-background-gradient\" style=\"background:linear-gradient(135deg,rgb(2,3,129) 0%,rgb(40,116,252) 70%)\"><\/span><div class=\"wp-block-cover__inner-container is-layout-flow wp-block-cover-is-layout-flow\">\n<div class=\"inherit-container-width wp-block-group alignwide is-layout-constrained wp-block-group-is-layout-constrained\">\n<div class=\"wp-block-media-text alignwide has-media-on-the-right is-stacked-on-mobile is-vertically-aligned-center\" style=\"grid-template-columns:auto 43%\"><div class=\"wp-block-media-text__content\">\n<h1 class=\"wp-block-heading has-text-align-left has-white-color has-text-color\">Centre de loisirs de Dreux<\/h1>\n\n\n\n<p class=\"has-white-color has-text-color\">Centre de loisirs des jeunes, ouvert tous les \u00e9t\u00e9s et encadr\u00e9 par des policiers.<\/p>\n\n\n\n<div class=\"wp-block-buttons is-layout-flex wp-block-buttons-is-layout-flex\">\n<div class=\"wp-block-button\"><a class=\"wp-block-button__link has-ast-global-color-4-background-color has-background wp-element-button\" href=\"#\">Inscription<\/a><\/div>\n<\/div>\n<\/div><figure class=\"wp-block-media-text__media\"><img loading=\"lazy\" decoding=\"async\" width=\"1024\" height=\"683\" src=\"https:\/\/usagistore.prestakira.fr\/wp-content\/uploads\/2025\/10\/Adobe-Express-file-1-1024x683.png\" alt=\"\" class=\"wp-image-34 size-full\" srcset=\"http:\/\/usagistore.prestakira.fr\/wp-content\/uploads\/2025\/10\/Adobe-Express-file-1-1024x683.png 1024w, http:\/\/usagistore.prestakira.fr\/wp-content\/uploads\/2025\/10\/Adobe-Express-file-1-300x200.png 300w, http:\/\/usagistore.prestakira.fr\/wp-content\/uploads\/2025\/10\/Adobe-Express-file-1-768x512.png 768w, http:\/\/usagistore.prestakira.fr\/wp-content\/uploads\/2025\/10\/Adobe-Express-file-1.png 1536w\" sizes=\"auto, (max-width: 1024px) 100vw, 1024px\" \/><\/figure><\/div>\n<\/div>\n<\/div><\/div>\n\n\n\n<div class=\"wp-block-group alignfull has-ast-global-color-5-background-color has-background is-layout-constrained wp-container-core-group-is-layout-9cedb757 wp-block-group-is-layout-constrained\" style=\"padding-bottom:0px\">\n<div class=\"wp-block-columns are-vertically-aligned-top is-layout-flex wp-container-core-columns-is-layout-00723822 wp-block-columns-is-layout-flex\">\n<div class=\"wp-block-column is-vertically-aligned-top is-layout-flow wp-container-core-column-is-layout-6b73ce23 wp-block-column-is-layout-flow\">\n<figure class=\"wp-block-image size-large\"><img decoding=\"async\" src=\"https:\/\/usagistore.prestakira.fr\/wp-content\/themes\/astra\/inc\/assets\/images\/starter-content\/building.svg\" alt=\"\" class=\"wp-image-134\"\/><\/figure>\n\n\n\n<h3 class=\"wp-block-heading has-text-align-left\" style=\"margin-top:16px\">Portail connect\u00e9<\/h3>\n\n\n\n<p class=\"has-text-align-left\">Agenda , messagerie avec l&#8217;\u00e9quipe &#8230;<\/p>\n<\/div>\n\n\n\n<div class=\"wp-block-column is-vertically-aligned-top is-layout-flow wp-container-core-column-is-layout-6b73ce23 wp-block-column-is-layout-flow\">\n<figure class=\"wp-block-image size-large\"><img decoding=\"async\" src=\"https:\/\/usagistore.prestakira.fr\/wp-content\/themes\/astra\/inc\/assets\/images\/starter-content\/blog.svg\" alt=\"\" class=\"wp-image-136\"\/><\/figure>\n\n\n\n<h3 class=\"wp-block-heading has-text-align-left\" style=\"margin-top:16px\">Blogging<\/h3>\n\n\n\n<p class=\"has-text-align-left\">Lorem ipsum dolor consectetur adipiscing elit eiusmod.<\/p>\n<\/div>\n\n\n\n<div class=\"wp-block-column is-vertically-aligned-top is-layout-flow wp-container-core-column-is-layout-6b73ce23 wp-block-column-is-layout-flow\">\n<figure class=\"wp-block-image size-large\"><img decoding=\"async\" src=\"https:\/\/usagistore.prestakira.fr\/wp-content\/themes\/astra\/inc\/assets\/images\/starter-content\/portfolio.svg\" alt=\"\" class=\"wp-image-137\"\/><\/figure>\n\n\n\n<h3 class=\"wp-block-heading has-text-align-left\" style=\"margin-top:16px\">Objectif<\/h3>\n\n\n\n<p class=\"has-text-align-left\">Favoriser le rapprochement police\/jeunes.<\/p>\n<\/div>\n<\/div>\n<\/div>\n\n\n\n<div class=\"wp-block-group alignfull has-ast-global-color-5-background-color has-background is-layout-constrained wp-container-core-group-is-layout-94d206d0 wp-block-group-is-layout-constrained\" id=\"about\" style=\"padding-top:143px;padding-bottom:144px\">\n<div class=\"wp-block-media-text has-media-on-the-right is-stacked-on-mobile is-vertically-aligned-center\"><div class=\"wp-block-media-text__content\">\n<div class=\"inherit-container-width wp-block-group is-layout-constrained wp-container-core-group-is-layout-47ce07ec wp-block-group-is-layout-constrained\" style=\"padding-right:80px\">\n<h2 class=\"wp-block-heading\" style=\"padding-right:40px\">We help teams build the business of their dreams<\/h2>\n\n\n\n<p>Et in risus egestas nec vitae odio ac nibh vestibulum volutpat aliquet aenean erat lobortis non.<\/p>\n\n\n\n<p>Nibh egestas dictumst cursus est turpis quis tincidunt pulvinar maecenas eget massa vel, ante nam blandit egestas enim id quis sit maecenas id nunc tempus auctor orci, enim imperdiet proin nibh mattis.<\/p>\n<\/div>\n<\/div><figure class=\"wp-block-media-text__media\"><img decoding=\"async\" src=\"https:\/\/usagistore.prestakira.fr\/wp-content\/themes\/astra\/inc\/assets\/images\/starter-content\/about-us.jpg\" alt=\"\" class=\"wp-image-237 size-full\"\/><\/figure><\/div>\n<\/div>\n\n\n\n<div class=\"wp-block-group alignfull has-ast-global-color-4-background-color has-background is-layout-constrained wp-container-core-group-is-layout-6a2cfb7b wp-block-group-is-layout-constrained\" id=\"reviews\">\n<figure class=\"wp-block-image aligncenter size-full\"><img decoding=\"async\" src=\"https:\/\/usagistore.prestakira.fr\/wp-content\/themes\/astra\/inc\/assets\/images\/starter-content\/avatar.png\" alt=\"\" class=\"wp-image-235\"\/><\/figure>\n\n\n\n<p class=\"has-text-align-center\" style=\"font-size:22px;line-height:1.6\">\u201cThe best part is that Astra comes with hundreds of professionally designed templates for just about every industry, makes it super easy for non-techy users to build a website.\u201d<\/p>\n\n\n\n<p class=\"has-text-align-center\"><strong>Wade Warren<\/strong> | Pr\u00e9sident de l&#8217;association<\/p>\n<\/div>\n\n\n\n<p><\/p>\n","protected":false},"excerpt":{"rendered":"<p>Portail connect\u00e9 Agenda , messagerie avec l&#8217;\u00e9quipe &#8230; Blogging Lorem ipsum dolor consectetur adipiscing elit eiusmod. Objectif Favoriser le rapprochement [&hellip;]<\/p>\n","protected":false},"author":1,"featured_media":0,"parent":0,"menu_order":0,"comment_status":"closed","ping_status":"closed","template":"","meta":{"site-sidebar-layout":"no-sidebar","site-content-layout":"plain-container","ast-site-content-layout":"default","site-content-style":"default","site-sidebar-style":"default","ast-global-header-display":"","ast-banner-title-visibility":"","ast-main-header-display":"","ast-hfb-above-header-display":"","ast-hfb-below-header-display":"","ast-hfb-mobile-header-display":"","site-post-title":"disabled","ast-breadcrumbs-content":"","ast-featured-img":"","footer-sml-layout":"","theme-transparent-header-meta":"enabled","adv-header-id-meta":"","stick-header-meta":"","header-above-stick-meta":"","header-main-stick-meta":"","header-below-stick-meta":"","astra-migrate-meta-layouts":"default","ast-page-background-enabled":"default","ast-page-background-meta":{"desktop":{"background-color":"var(--ast-global-color-5)","background-image":"","background-repeat":"repeat","background-position":"center center","background-size":"auto","background-attachment":"scroll","background-type":"","background-media":"","overlay-type":"","overlay-color":"","overlay-opacity":"","overlay-gradient":""},"tablet":{"background-color":"","background-image":"","background-repeat":"repeat","background-position":"center center","background-size":"auto","background-attachment":"scroll","background-type":"","background-media":"","overlay-type":"","overlay-color":"","overlay-opacity":"","overlay-gradient":""},"mobile":{"background-color":"","background-image":"","background-repeat":"repeat","background-position":"center center","background-size":"auto","background-attachment":"scroll","background-type":"","background-media":"","overlay-type":"","overlay-color":"","overlay-opacity":"","overlay-gradient":""}},"ast-content-background-meta":{"desktop":{"background-color":"var(--ast-global-color-4)","background-image":"","background-repeat":"repeat","background-position":"center center","background-size":"auto","background-attachment":"scroll","background-type":"","background-media":"","overlay-type":"","overlay-color":"","overlay-opacity":"","overlay-gradient":""},"tablet":{"background-color":"var(--ast-global-color-4)","background-image":"","background-repeat":"repeat","background-position":"center center","background-size":"auto","background-attachment":"scroll","background-type":"","background-media":"","overlay-type":"","overlay-color":"","overlay-opacity":"","overlay-gradient":""},"mobile":{"background-color":"var(--ast-global-color-4)","background-image":"","background-repeat":"repeat","background-position":"center center","background-size":"auto","background-attachment":"scroll","background-type":"","background-media":"","overlay-type":"","overlay-color":"","overlay-opacity":"","overlay-gradient":""}},"footnotes":""},"class_list":["post-10","page","type-page","status-publish","hentry"],"_links":{"self":[{"href":"http:\/\/usagistore.prestakira.fr\/index.php\/wp-json\/wp\/v2\/pages\/10","targetHints":{"allow":["GET"]}}],"collection":[{"href":"http:\/\/usagistore.prestakira.fr\/index.php\/wp-json\/wp\/v2\/pages"}],"about":[{"href":"http:\/\/usagistore.prestakira.fr\/index.php\/wp-json\/wp\/v2\/types\/page"}],"author":[{"embeddable":true,"href":"http:\/\/usagistore.prestakira.fr\/index.php\/wp-json\/wp\/v2\/users\/1"}],"replies":[{"embeddable":true,"href":"http:\/\/usagistore.prestakira.fr\/index.php\/wp-json\/wp\/v2\/comments?post=10"}],"version-history":[{"count":7,"href":"http:\/\/usagistore.prestakira.fr\/index.php\/wp-json\/wp\/v2\/pages\/10\/revisions"}],"predecessor-version":[{"id":39,"href":"http:\/\/usagistore.prestakira.fr\/index.php\/wp-json\/wp\/v2\/pages\/10\/revisions\/39"}],"wp:attachment":[{"href":"http:\/\/usagistore.prestakira.fr\/index.php\/wp-json\/wp\/v2\/media?parent=10"}],"curies":[{"name":"wp","href":"https:\/\/api.w.org\/{rel}","templated":true}]}}